{"id":1603,"date":"2026-03-19T11:23:55","date_gmt":"2026-03-19T10:23:55","guid":{"rendered":"https:\/\/www.tokotidi.net\/?page_id=1603"},"modified":"2026-03-19T21:37:26","modified_gmt":"2026-03-19T20:37:26","slug":"le-serpent-et-la-pomme","status":"publish","type":"page","link":"https:\/\/www.tokotidi.net\/?page_id=1603","title":{"rendered":"Le serpent et la pomme"},"content":{"rendered":"\n<p>Les anciens essayent de nous dire quelque chose.<\/p>\n\n\n\n<p>Chez les chr\u00e9tiens, on nous apprend que Adam et Eve ont commenc\u00e9 \u00e0 avoir un tas de probl\u00e8me lorsque qu&rsquo;ils se sont mis \u00e0 toucher au fruit d\u00e9fendu.<\/p>\n\n\n\n<p>Il s&rsquo;agit en l\u2019occurrence d&rsquo;un serpent, et d&rsquo;un fruit (un abricot ? une pomme ?) <\/p>\n\n\n\n<p>Et si cela \u00e9tait une fa\u00e7on pudique de nous dire de ne pas consommer le fruit que nous avons entre les jambes ? <\/p>\n\n\n\n<p>Les juifs pratiquent la circoncision, ainsi que les musulmans. Personne ne sait plus vraiment pourquoi, mais la raison est assez probablement la m\u00eame.<\/p>\n\n\n\n<p><\/p>\n","protected":false},"excerpt":{"rendered":"<p>Les anciens essayent de nous dire quelque chose. Chez les chr\u00e9tiens, on nous apprend que Adam et Eve ont commenc\u00e9 \u00e0 avoir un tas de probl\u00e8me lorsque qu&rsquo;ils se sont mis \u00e0 toucher au fruit d\u00e9fendu. Il s&rsquo;agit en l\u2019occurrence d&rsquo;un serpent, et d&rsquo;un fruit (un abricot ? une pomme ?) Et si cela \u00e9tait [&hellip;]<\/p>\n","protected":false},"author":1,"featured_media":0,"parent":0,"menu_order":0,"comment_status":"closed","ping_status":"closed","template":"","meta":{"footnotes":""},"class_list":["post-1603","page","type-page","status-publish","hentry"],"_links":{"self":[{"href":"https:\/\/www.tokotidi.net\/index.php?rest_route=\/wp\/v2\/pages\/1603","targetHints":{"allow":["GET"]}}],"collection":[{"href":"https:\/\/www.tokotidi.net\/index.php?rest_route=\/wp\/v2\/pages"}],"about":[{"href":"https:\/\/www.tokotidi.net\/index.php?rest_route=\/wp\/v2\/types\/page"}],"author":[{"embeddable":true,"href":"https:\/\/www.tokotidi.net\/index.php?rest_route=\/wp\/v2\/users\/1"}],"replies":[{"embeddable":true,"href":"https:\/\/www.tokotidi.net\/index.php?rest_route=%2Fwp%2Fv2%2Fcomments&post=1603"}],"version-history":[{"count":5,"href":"https:\/\/www.tokotidi.net\/index.php?rest_route=\/wp\/v2\/pages\/1603\/revisions"}],"predecessor-version":[{"id":1610,"href":"https:\/\/www.tokotidi.net\/index.php?rest_route=\/wp\/v2\/pages\/1603\/revisions\/1610"}],"wp:attachment":[{"href":"https:\/\/www.tokotidi.net\/index.php?rest_route=%2Fwp%2Fv2%2Fmedia&parent=1603"}],"curies":[{"name":"wp","href":"https:\/\/api.w.org\/{rel}","templated":true}]}}