{"id":1499,"date":"2025-11-29T10:15:29","date_gmt":"2025-11-29T09:15:29","guid":{"rendered":"https:\/\/www.tokotidi.net\/?page_id=1499"},"modified":"2025-11-29T14:23:25","modified_gmt":"2025-11-29T13:23:25","slug":"histoire","status":"publish","type":"page","link":"https:\/\/www.tokotidi.net\/?page_id=1499","title":{"rendered":"Histoire"},"content":{"rendered":"\n<h2 class=\"wp-block-heading\">Ann\u00e9e -287<\/h2>\n\n\n\n<p>Naissance d&rsquo;Archim\u00e8de<\/p>\n\n\n\n<figure class=\"wp-block-image size-full\"><img loading=\"lazy\" decoding=\"async\" width=\"360\" height=\"400\" src=\"https:\/\/www.tokotidi.net\/wp-content\/uploads\/2025\/11\/Archimede.webp\" alt=\"\" class=\"wp-image-1558\" srcset=\"https:\/\/www.tokotidi.net\/wp-content\/uploads\/2025\/11\/Archimede.webp 360w, https:\/\/www.tokotidi.net\/wp-content\/uploads\/2025\/11\/Archimede-270x300.webp 270w\" sizes=\"auto, (max-width: 360px) 100vw, 360px\" \/><\/figure>\n\n\n\n<h2 class=\"wp-block-heading\">Ann\u00e9e -44<\/h2>\n\n\n\n<p>D\u00e9but du r\u00e8gne de Jules C\u00e9sar<\/p>\n\n\n\n<figure class=\"wp-block-image size-large is-resized\"><img loading=\"lazy\" decoding=\"async\" width=\"869\" height=\"1024\" src=\"https:\/\/www.tokotidi.net\/wp-content\/uploads\/2025\/11\/Jules_cesar-869x1024.jpg\" alt=\"\" class=\"wp-image-1584\" style=\"width:361px;height:auto\" srcset=\"https:\/\/www.tokotidi.net\/wp-content\/uploads\/2025\/11\/Jules_cesar-869x1024.jpg 869w, https:\/\/www.tokotidi.net\/wp-content\/uploads\/2025\/11\/Jules_cesar-255x300.jpg 255w, https:\/\/www.tokotidi.net\/wp-content\/uploads\/2025\/11\/Jules_cesar-768x905.jpg 768w, https:\/\/www.tokotidi.net\/wp-content\/uploads\/2025\/11\/Jules_cesar-732x863.jpg 732w, https:\/\/www.tokotidi.net\/wp-content\/uploads\/2025\/11\/Jules_cesar.jpg 1018w\" sizes=\"auto, (max-width: 869px) 100vw, 869px\" \/><\/figure>\n\n\n\n<h2 class=\"wp-block-heading\">Ann\u00e9e 0<\/h2>\n\n\n\n<p>Naissance de J\u00e9sus Christ \u00e0 Bethl\u00e9em<\/p>\n\n\n\n<h2 class=\"wp-block-heading\">Ann\u00e9e 54<\/h2>\n\n\n\n<p>D\u00e9but du r\u00e8gne de N\u00e9ron<\/p>\n\n\n\n<figure class=\"wp-block-image size-full is-resized\"><img loading=\"lazy\" decoding=\"async\" width=\"166\" height=\"167\" src=\"https:\/\/www.tokotidi.net\/wp-content\/uploads\/2025\/11\/neron.jpg\" alt=\"\" class=\"wp-image-1549\" style=\"width:258px;height:auto\" srcset=\"https:\/\/www.tokotidi.net\/wp-content\/uploads\/2025\/11\/neron.jpg 166w, https:\/\/www.tokotidi.net\/wp-content\/uploads\/2025\/11\/neron-150x150.jpg 150w\" sizes=\"auto, (max-width: 166px) 100vw, 166px\" \/><\/figure>\n\n\n\n<h2 class=\"wp-block-heading\">Ann\u00e9e 79<\/h2>\n\n\n\n<p>\u00c9ruption du V\u00e9suve \u00e0 Pomp\u00e9i<\/p>\n\n\n\n<h2 class=\"wp-block-heading\">Ann\u00e9e 105<\/h2>\n\n\n\n<figure class=\"wp-block-image size-full\"><img loading=\"lazy\" decoding=\"async\" width=\"500\" height=\"248\" src=\"https:\/\/www.tokotidi.net\/wp-content\/uploads\/2025\/11\/sesterceTraianus_denarius_105_apres_JC.jpg\" alt=\"\" class=\"wp-image-1577\" srcset=\"https:\/\/www.tokotidi.net\/wp-content\/uploads\/2025\/11\/sesterceTraianus_denarius_105_apres_JC.jpg 500w, https:\/\/www.tokotidi.net\/wp-content\/uploads\/2025\/11\/sesterceTraianus_denarius_105_apres_JC-300x149.jpg 300w\" sizes=\"auto, (max-width: 500px) 100vw, 500px\" \/><\/figure>\n\n\n\n<h2 class=\"wp-block-heading\">Ann\u00e9e 108<\/h2>\n\n\n\n<p>D\u00e9but du r\u00e8gne de Louis 6 le Gros<\/p>\n\n\n\n<h2 class=\"wp-block-heading\">Ann\u00e9e 120<\/h2>\n\n\n\n<p><strong>** Hypoth\u00e8se ** <\/strong>R\u00e8gne de Charlemagne. <strong>Est cens\u00e9 avoir eu lieu en 742<\/strong>, mais on voit clairement sur ces pi\u00e8ces l&rsquo;influence Romaine : \u00c9criture en latin, couronne de lauriers, toge. <\/p>\n\n\n\n<figure class=\"wp-block-image size-full\"><img loading=\"lazy\" decoding=\"async\" width=\"247\" height=\"227\" src=\"https:\/\/www.tokotidi.net\/wp-content\/uploads\/2025\/11\/piece-karolus-magnus.jpg\" alt=\"\" class=\"wp-image-1563\"\/><\/figure>\n\n\n\n<h2 class=\"wp-block-heading\">Ann\u00e9e 142<\/h2>\n\n\n\n<p>D\u00e9but du pontificat de Pie 1er<\/p>\n\n\n\n<figure class=\"wp-block-image size-full\"><img loading=\"lazy\" decoding=\"async\" width=\"202\" height=\"202\" src=\"https:\/\/www.tokotidi.net\/wp-content\/uploads\/2025\/11\/pape-pie-1er.jpg\" alt=\"\" class=\"wp-image-1551\" srcset=\"https:\/\/www.tokotidi.net\/wp-content\/uploads\/2025\/11\/pape-pie-1er.jpg 202w, https:\/\/www.tokotidi.net\/wp-content\/uploads\/2025\/11\/pape-pie-1er-150x150.jpg 150w\" sizes=\"auto, (max-width: 202px) 100vw, 202px\" \/><\/figure>\n\n\n\n<h2 class=\"wp-block-heading\">Ann\u00e9e 163<\/h2>\n\n\n\n<p>D\u00e9but de la construction de la cath\u00e9drale Notre Dame de France<\/p>\n\n\n\n<h2 class=\"wp-block-heading\">Ann\u00e9e 222<\/h2>\n\n\n\n<p>D\u00e9but du pontificat de Urbain 1er<\/p>\n\n\n\n<figure class=\"wp-block-image size-full is-resized\"><img loading=\"lazy\" decoding=\"async\" width=\"665\" height=\"615\" src=\"https:\/\/www.tokotidi.net\/wp-content\/uploads\/2025\/11\/urbain-1er.png\" alt=\"\" class=\"wp-image-1600\" style=\"width:327px;height:auto\" srcset=\"https:\/\/www.tokotidi.net\/wp-content\/uploads\/2025\/11\/urbain-1er.png 665w, https:\/\/www.tokotidi.net\/wp-content\/uploads\/2025\/11\/urbain-1er-300x277.png 300w\" sizes=\"auto, (max-width: 665px) 100vw, 665px\" \/><\/figure>\n\n\n\n<h2 class=\"wp-block-heading\">Ann\u00e9e 257<\/h2>\n\n\n\n<p>Eruptions volcaniques<\/p>\n\n\n\n<h2 class=\"wp-block-heading\">Ann\u00e9e 285<\/h2>\n\n\n\n<p>D\u00e9but du r\u00e8gne de Philippe IV , dit \u00ab Philippe le Bel \u00bb<\/p>\n\n\n\n<figure class=\"wp-block-image size-full\"><img loading=\"lazy\" decoding=\"async\" width=\"226\" height=\"223\" src=\"https:\/\/www.tokotidi.net\/wp-content\/uploads\/2025\/11\/philippe-le-bel.jpg\" alt=\"\" class=\"wp-image-1559\"\/><\/figure>\n\n\n\n<h2 class=\"wp-block-heading\">Ann\u00e9e 306<\/h2>\n\n\n\n<p>R\u00e8gne \u00e0 Rome de l&#8217;empereur Constantin 1er, et construction en 325 sur sa demande d&rsquo;une \u00e9glise \u00e0 Istanbul (avant Sainte Sophie)<\/p>\n\n\n\n<figure class=\"wp-block-image size-full\"><img loading=\"lazy\" decoding=\"async\" width=\"250\" height=\"255\" src=\"https:\/\/www.tokotidi.net\/wp-content\/uploads\/2025\/11\/empereur-constantin-1er.jpg\" alt=\"\" class=\"wp-image-1543\"\/><\/figure>\n\n\n\n<h2 class=\"wp-block-heading\">Ann\u00e9e 347<\/h2>\n\n\n\n<p>\u00c9pid\u00e9mie de Peste noire en Europe. (cens\u00e9e se passer en 1347). Les ouvrages en France sont r\u00e9dig\u00e9s en latin malgr\u00e9 l&rsquo;effondrement suppos\u00e9 de l&#8217;empire Romain il y a presque 1000 ans: <a href=\"https:\/\/www.mediterranees.net\/moyen_age\/peste\/astrologie.html\">https:\/\/www.mediterranees.net\/moyen_age\/peste\/astrologie.html<\/a><\/p>\n\n\n\n<figure class=\"wp-block-image size-full\"><img loading=\"lazy\" decoding=\"async\" width=\"800\" height=\"249\" src=\"https:\/\/www.tokotidi.net\/wp-content\/uploads\/2025\/11\/Compendium_Lat_11227_fol_204R.jpg\" alt=\"\" class=\"wp-image-1571\" srcset=\"https:\/\/www.tokotidi.net\/wp-content\/uploads\/2025\/11\/Compendium_Lat_11227_fol_204R.jpg 800w, https:\/\/www.tokotidi.net\/wp-content\/uploads\/2025\/11\/Compendium_Lat_11227_fol_204R-300x93.jpg 300w, https:\/\/www.tokotidi.net\/wp-content\/uploads\/2025\/11\/Compendium_Lat_11227_fol_204R-768x239.jpg 768w, https:\/\/www.tokotidi.net\/wp-content\/uploads\/2025\/11\/Compendium_Lat_11227_fol_204R-732x228.jpg 732w\" sizes=\"auto, (max-width: 800px) 100vw, 800px\" \/><\/figure>\n\n\n\n<figure class=\"wp-block-image size-full\"><img loading=\"lazy\" decoding=\"async\" width=\"1000\" height=\"667\" src=\"https:\/\/www.tokotidi.net\/wp-content\/uploads\/2025\/11\/peste-noire.jpg\" alt=\"\" class=\"wp-image-1569\" srcset=\"https:\/\/www.tokotidi.net\/wp-content\/uploads\/2025\/11\/peste-noire.jpg 1000w, https:\/\/www.tokotidi.net\/wp-content\/uploads\/2025\/11\/peste-noire-300x200.jpg 300w, https:\/\/www.tokotidi.net\/wp-content\/uploads\/2025\/11\/peste-noire-768x512.jpg 768w, https:\/\/www.tokotidi.net\/wp-content\/uploads\/2025\/11\/peste-noire-732x488.jpg 732w\" sizes=\"auto, (max-width: 1000px) 100vw, 1000px\" \/><\/figure>\n\n\n\n<h2 class=\"wp-block-heading\">Ann\u00e9e 410<\/h2>\n\n\n\n<p>Prise de Rome par les Wisigoths. L&#8217;empire Romain devient un Empire Chr\u00e9tien.<\/p>\n\n\n\n<p><strong>&#8212;&#8212;&#8212;&#8212;&#8212;&#8212;&#8212;&#8212;- FIN DE L&rsquo;INFLUENCE ROMAINE, DEBUT DE L&rsquo;INFLUENCE CHRETIENNE &#8212;&#8212;&#8212;&#8211;<\/strong><\/p>\n\n\n\n<h2 class=\"wp-block-heading\">Ann\u00e9e 429<\/h2>\n\n\n\n<p>Bataille d&rsquo;Orl\u00e9ans avec Jeanne d&rsquo;Arc (Cens\u00e9e se passer en 1429)<\/p>\n\n\n\n<p>Le roi est Charles VII<\/p>\n\n\n\n<figure class=\"wp-block-image size-large is-resized\"><img loading=\"lazy\" decoding=\"async\" width=\"688\" height=\"1024\" src=\"https:\/\/www.tokotidi.net\/wp-content\/uploads\/2025\/11\/Charles-VII-portrait-Roi-de-France-688x1024.webp\" alt=\"\" class=\"wp-image-1595\" style=\"width:352px;height:auto\" srcset=\"https:\/\/www.tokotidi.net\/wp-content\/uploads\/2025\/11\/Charles-VII-portrait-Roi-de-France-688x1024.webp 688w, https:\/\/www.tokotidi.net\/wp-content\/uploads\/2025\/11\/Charles-VII-portrait-Roi-de-France-202x300.webp 202w, https:\/\/www.tokotidi.net\/wp-content\/uploads\/2025\/11\/Charles-VII-portrait-Roi-de-France.webp 726w\" sizes=\"auto, (max-width: 688px) 100vw, 688px\" \/><\/figure>\n\n\n\n<h2 class=\"wp-block-heading\">Ann\u00e9e 440<\/h2>\n\n\n\n<p>Invention de la typographie (imprimerie) par Gutenberg<\/p>\n\n\n\n<figure class=\"wp-block-image size-full is-resized\"><img loading=\"lazy\" decoding=\"async\" width=\"260\" height=\"259\" src=\"https:\/\/www.tokotidi.net\/wp-content\/uploads\/2025\/11\/gutenberg.png\" alt=\"\" class=\"wp-image-1552\" style=\"width:332px;height:auto\" srcset=\"https:\/\/www.tokotidi.net\/wp-content\/uploads\/2025\/11\/gutenberg.png 260w, https:\/\/www.tokotidi.net\/wp-content\/uploads\/2025\/11\/gutenberg-150x150.png 150w\" sizes=\"auto, (max-width: 260px) 100vw, 260px\" \/><\/figure>\n\n\n\n<h2 class=\"wp-block-heading\">Ann\u00e9e 452<\/h2>\n\n\n\n<p>Naissance de L\u00e9onard de Vinci. L\u00e9onard de Vinci n&rsquo;\u00e9crit pas du tout en Latin. Son \u00e9criture est en Italien m\u00e9l\u00e9e d&rsquo;un dialecte Lombard.<\/p>\n\n\n\n<figure class=\"wp-block-image size-full is-resized\"><img loading=\"lazy\" decoding=\"async\" width=\"498\" height=\"557\" src=\"https:\/\/www.tokotidi.net\/wp-content\/uploads\/2025\/11\/leonard-de-vinci.png\" alt=\"\" class=\"wp-image-1553\" style=\"width:341px;height:auto\" srcset=\"https:\/\/www.tokotidi.net\/wp-content\/uploads\/2025\/11\/leonard-de-vinci.png 498w, https:\/\/www.tokotidi.net\/wp-content\/uploads\/2025\/11\/leonard-de-vinci-268x300.png 268w\" sizes=\"auto, (max-width: 498px) 100vw, 498px\" \/><\/figure>\n\n\n\n<h2 class=\"wp-block-heading\">Ann\u00e9e 461<\/h2>\n\n\n\n<p>D\u00e9but du r\u00e8gne de Louis 11<\/p>\n\n\n\n<figure class=\"wp-block-image size-full is-resized\"><img loading=\"lazy\" decoding=\"async\" width=\"509\" height=\"512\" src=\"https:\/\/www.tokotidi.net\/wp-content\/uploads\/2025\/11\/louis-11.webp\" alt=\"\" class=\"wp-image-1556\" style=\"width:352px;height:auto\" srcset=\"https:\/\/www.tokotidi.net\/wp-content\/uploads\/2025\/11\/louis-11.webp 509w, https:\/\/www.tokotidi.net\/wp-content\/uploads\/2025\/11\/louis-11-298x300.webp 298w, https:\/\/www.tokotidi.net\/wp-content\/uploads\/2025\/11\/louis-11-150x150.webp 150w\" sizes=\"auto, (max-width: 509px) 100vw, 509px\" \/><\/figure>\n\n\n\n<h2 class=\"wp-block-heading\">Ann\u00e9e 475<\/h2>\n\n\n\n<p>D\u00e9but du r\u00e8gne de l&#8217;empereur Romain Romulus Augustus, et d\u00e9clin final de l&#8217;empire romain<\/p>\n\n\n\n<figure class=\"wp-block-image size-full is-resized\"><img loading=\"lazy\" decoding=\"async\" width=\"500\" height=\"500\" src=\"https:\/\/www.tokotidi.net\/wp-content\/uploads\/2025\/11\/romulus-augustus.png\" alt=\"\" class=\"wp-image-1561\" style=\"width:358px;height:auto\" srcset=\"https:\/\/www.tokotidi.net\/wp-content\/uploads\/2025\/11\/romulus-augustus.png 500w, https:\/\/www.tokotidi.net\/wp-content\/uploads\/2025\/11\/romulus-augustus-300x300.png 300w, https:\/\/www.tokotidi.net\/wp-content\/uploads\/2025\/11\/romulus-augustus-150x150.png 150w\" sizes=\"auto, (max-width: 500px) 100vw, 500px\" \/><\/figure>\n\n\n\n<h2 class=\"wp-block-heading\">Ann\u00e9e 481 (suspect)<\/h2>\n\n\n\n<p>** <strong>SUSPECT ** <\/strong>R\u00e8gne de Clovis. Voir <a href=\"https:\/\/www.radiofrance.fr\/franceculture\/podcasts\/concordance-des-temps\/clovis-un-bapteme-erratique-1808971\">https:\/\/www.radiofrance.fr\/franceculture\/podcasts\/concordance-des-temps\/clovis-un-bapteme-erratique-1808971<\/a><\/p>\n\n\n\n<h2 class=\"wp-block-heading\">Ann\u00e9e 491<\/h2>\n\n\n\n<p><strong>*** Semblerait plus ancien ***<\/strong> R\u00e8gle d&rsquo;Anastase 1er, premier empereur Byzentin. Annotations en latin : sur l&rsquo;avers : \u00ab\u00a0Dominus Noster Anastasius Perpetuus Augustus\u201d, (Notre seigneur Anastase perp\u00e9tuel auguste). Sur le revers : \u00ab\u00a0Dominus Noster Anastasius Perpetuus Augustus\u201d, (Notre seigneur Anastase perp\u00e9tuel auguste).<\/p>\n\n\n\n<figure class=\"wp-block-image size-large is-resized\"><img loading=\"lazy\" decoding=\"async\" width=\"1024\" height=\"478\" src=\"https:\/\/www.tokotidi.net\/wp-content\/uploads\/2025\/11\/monnaie-Anastase-premier-1024x478.jpg\" alt=\"\" class=\"wp-image-1574\" style=\"width:551px;height:auto\" srcset=\"https:\/\/www.tokotidi.net\/wp-content\/uploads\/2025\/11\/monnaie-Anastase-premier-1024x478.jpg 1024w, https:\/\/www.tokotidi.net\/wp-content\/uploads\/2025\/11\/monnaie-Anastase-premier-300x140.jpg 300w, https:\/\/www.tokotidi.net\/wp-content\/uploads\/2025\/11\/monnaie-Anastase-premier-768x358.jpg 768w, https:\/\/www.tokotidi.net\/wp-content\/uploads\/2025\/11\/monnaie-Anastase-premier-732x342.jpg 732w, https:\/\/www.tokotidi.net\/wp-content\/uploads\/2025\/11\/monnaie-Anastase-premier-1140x532.jpg 1140w, https:\/\/www.tokotidi.net\/wp-content\/uploads\/2025\/11\/monnaie-Anastase-premier.jpg 1200w\" sizes=\"auto, (max-width: 1024px) 100vw, 1024px\" \/><\/figure>\n\n\n\n<h2 class=\"wp-block-heading\">Ann\u00e9e 494<\/h2>\n\n\n\n<p>D\u00e9couverte de l&rsquo;Am\u00e9rique par Christophe COLOMB<\/p>\n\n\n\n<figure class=\"wp-block-image size-full\"><img loading=\"lazy\" decoding=\"async\" width=\"503\" height=\"609\" src=\"https:\/\/www.tokotidi.net\/wp-content\/uploads\/2025\/11\/christophe-colomb.webp\" alt=\"\" class=\"wp-image-1586\" srcset=\"https:\/\/www.tokotidi.net\/wp-content\/uploads\/2025\/11\/christophe-colomb.webp 503w, https:\/\/www.tokotidi.net\/wp-content\/uploads\/2025\/11\/christophe-colomb-248x300.webp 248w\" sizes=\"auto, (max-width: 503px) 100vw, 503px\" \/><\/figure>\n\n\n\n<h2 class=\"wp-block-heading\">Ann\u00e9e 515<\/h2>\n\n\n\n<p>D\u00e9but du r\u00e8gne de Fran\u00e7ois 1er<\/p>\n\n\n\n<h2 class=\"wp-block-heading\">Ann\u00e9e 506<\/h2>\n\n\n\n<p>D\u00e9but de la construction de la basilique Saint-Pierre de Rome<\/p>\n\n\n\n<h2 class=\"wp-block-heading\">Ann\u00e9e 519<\/h2>\n\n\n\n<p>Circumnavigation Magellan-Elcano, premier voyage autour du monde<\/p>\n\n\n\n<h2 class=\"wp-block-heading\">Ann\u00e9e 525<\/h2>\n\n\n\n<figure class=\"wp-block-image size-full is-resized\"><img loading=\"lazy\" decoding=\"async\" width=\"325\" height=\"159\" src=\"https:\/\/www.tokotidi.net\/wp-content\/uploads\/2025\/11\/Joachimsthaler_525.jpg\" alt=\"\" class=\"wp-image-1524\" style=\"width:840px;height:auto\" srcset=\"https:\/\/www.tokotidi.net\/wp-content\/uploads\/2025\/11\/Joachimsthaler_525.jpg 325w, https:\/\/www.tokotidi.net\/wp-content\/uploads\/2025\/11\/Joachimsthaler_525-300x147.jpg 300w\" sizes=\"auto, (max-width: 325px) 100vw, 325px\" \/><\/figure>\n\n\n\n<h2 class=\"wp-block-heading\">Ann\u00e9e 584<\/h2>\n\n\n\n<p>Henri II de Navarre. Pi\u00e8ces toujours en Latin avec la symbolique Romaine de la couronne de lauriers <\/p>\n\n\n\n<figure class=\"wp-block-image size-full\"><img loading=\"lazy\" decoding=\"async\" width=\"376\" height=\"188\" src=\"https:\/\/www.tokotidi.net\/wp-content\/uploads\/2025\/11\/piece-henri-2-de-Navarre-584.jpg\" alt=\"\" class=\"wp-image-1513\" srcset=\"https:\/\/www.tokotidi.net\/wp-content\/uploads\/2025\/11\/piece-henri-2-de-Navarre-584.jpg 376w, https:\/\/www.tokotidi.net\/wp-content\/uploads\/2025\/11\/piece-henri-2-de-Navarre-584-300x150.jpg 300w\" sizes=\"auto, (max-width: 376px) 100vw, 376px\" \/><\/figure>\n\n\n\n<h2 class=\"wp-block-heading\">Ann\u00e9e 596<\/h2>\n\n\n\n<p>Naissance de Descartes<\/p>\n\n\n\n<figure class=\"wp-block-image size-full is-resized\"><img loading=\"lazy\" decoding=\"async\" width=\"800\" height=\"974\" src=\"https:\/\/www.tokotidi.net\/wp-content\/uploads\/2025\/11\/descartes.jpg\" alt=\"\" class=\"wp-image-1580\" style=\"width:331px;height:auto\" srcset=\"https:\/\/www.tokotidi.net\/wp-content\/uploads\/2025\/11\/descartes.jpg 800w, https:\/\/www.tokotidi.net\/wp-content\/uploads\/2025\/11\/descartes-246x300.jpg 246w, https:\/\/www.tokotidi.net\/wp-content\/uploads\/2025\/11\/descartes-768x935.jpg 768w, https:\/\/www.tokotidi.net\/wp-content\/uploads\/2025\/11\/descartes-732x891.jpg 732w\" sizes=\"auto, (max-width: 800px) 100vw, 800px\" \/><\/figure>\n\n\n\n<h2 class=\"wp-block-heading\">Ann\u00e9e 610<\/h2>\n\n\n\n<figure class=\"wp-block-image size-full is-resized\"><img loading=\"lazy\" decoding=\"async\" width=\"444\" height=\"210\" src=\"https:\/\/www.tokotidi.net\/wp-content\/uploads\/2025\/11\/\u215b-ecu-Louis-XIII.png\" alt=\"\" class=\"wp-image-1579\" style=\"width:537px;height:auto\" srcset=\"https:\/\/www.tokotidi.net\/wp-content\/uploads\/2025\/11\/\u215b-ecu-Louis-XIII.png 444w, https:\/\/www.tokotidi.net\/wp-content\/uploads\/2025\/11\/\u215b-ecu-Louis-XIII-300x142.png 300w\" sizes=\"auto, (max-width: 444px) 100vw, 444px\" \/><\/figure>\n\n\n\n<h2 class=\"wp-block-heading\">Ann\u00e9e 631<\/h2>\n\n\n\n<p>D\u00e9but de la construction du ch\u00e2teau de Versailles<\/p>\n\n\n\n<h2 class=\"wp-block-heading\">Ann\u00e9e 643<\/h2>\n\n\n\n<p>Naissance de Isaac Newton<\/p>\n\n\n\n<figure class=\"wp-block-image size-large is-resized\"><img loading=\"lazy\" decoding=\"async\" width=\"843\" height=\"1024\" src=\"https:\/\/www.tokotidi.net\/wp-content\/uploads\/2025\/11\/Isaac_Newton_English_School_1715-20-843x1024.jpg\" alt=\"\" class=\"wp-image-1582\" style=\"width:428px;height:auto\" srcset=\"https:\/\/www.tokotidi.net\/wp-content\/uploads\/2025\/11\/Isaac_Newton_English_School_1715-20-843x1024.jpg 843w, https:\/\/www.tokotidi.net\/wp-content\/uploads\/2025\/11\/Isaac_Newton_English_School_1715-20-247x300.jpg 247w, https:\/\/www.tokotidi.net\/wp-content\/uploads\/2025\/11\/Isaac_Newton_English_School_1715-20-768x933.jpg 768w, https:\/\/www.tokotidi.net\/wp-content\/uploads\/2025\/11\/Isaac_Newton_English_School_1715-20-1264x1536.jpg 1264w, https:\/\/www.tokotidi.net\/wp-content\/uploads\/2025\/11\/Isaac_Newton_English_School_1715-20-1686x2048.jpg 1686w, https:\/\/www.tokotidi.net\/wp-content\/uploads\/2025\/11\/Isaac_Newton_English_School_1715-20-732x889.jpg 732w, https:\/\/www.tokotidi.net\/wp-content\/uploads\/2025\/11\/Isaac_Newton_English_School_1715-20-1140x1385.jpg 1140w\" sizes=\"auto, (max-width: 843px) 100vw, 843px\" \/><\/figure>\n\n\n\n<h2 class=\"wp-block-heading\">Ann\u00e9e 712<\/h2>\n\n\n\n<p>Invention de la machine \u00e0 vapeur<\/p>\n\n\n\n<h2 class=\"wp-block-heading\">Ann\u00e9e 732<\/h2>\n\n\n\n<p><strong>*** SUSPECT ***<\/strong> Bataille de poitiers. Citation de Wikip\u00e9dia : <a href=\"https:\/\/fr.wikipedia.org\/wiki\/Bataille_de_Poitiers_(732)\">https:\/\/fr.wikipedia.org\/wiki\/Bataille_de_Poitiers_(732)<\/a><\/p>\n\n\n\n<p><em><strong>\u00ab\u00a0Il s&rsquo;agit d&rsquo;une bataille tr\u00e8s mal connue. On n\u2019est s\u00fbr ni du lieu ni de la date ni de l\u2019importance des effectifs en pr\u00e9sence&nbsp;\u00bb selon le professeur d&rsquo;<a href=\"https:\/\/fr.wikipedia.org\/wiki\/Histoire_m%C3%A9di%C3%A9vale\">histoire m\u00e9di\u00e9vale<\/a> \u00c9lisabeth Carpentier<sup><a href=\"https:\/\/fr.wikipedia.org\/wiki\/Bataille_de_Poitiers_(732)#cite_note-Carpentier2013-9\">[9]<\/a><\/sup>. <a href=\"https:\/\/fr.wikipedia.org\/wiki\/Bataille_de_Poitiers_(732)#Lieu\">L&rsquo;incertitude au sujet du lieu<\/a> m\u00eame conduit \u00e0 des variations et des discussions quant \u00e0 la d\u00e9nomination de la bataille, selon les \u00e9poques, les auteurs et les langues<sup><a href=\"https:\/\/fr.wikipedia.org\/wiki\/Bataille_de_Poitiers_(732)#cite_note-Rouche1979Rouche1979114-115,_361,_458-10\">[10]<\/a>,<a href=\"https:\/\/fr.wikipedia.org\/wiki\/Bataille_de_Poitiers_(732)#cite_note-11\">[note 1]<\/a><\/sup> ou \u00e0 des toponymes contemporains non v\u00e9rifiables.\u00a0\u00bb<\/strong><\/em><\/p>\n\n\n\n<h2 class=\"wp-block-heading\">Ann\u00e9e 775<\/h2>\n\n\n\n<p>Guerre d&rsquo;ind\u00e9pendance des \u00c9tats-Unis d&rsquo;Am\u00e9rique<\/p>\n\n\n\n<h2 class=\"wp-block-heading\">Ann\u00e9e 789<\/h2>\n\n\n\n<p>R\u00e9volution Fran\u00e7aise<\/p>\n\n\n\n<h2 class=\"wp-block-heading\">Ann\u00e9e 845 (suspect)<\/h2>\n\n\n\n<p>Invasion de Paris par les vikings. Voir <a href=\"https:\/\/www.rts.ch\/info\/societe\/2025\/article\/les-vikings-mythes-et-realites-d-une-civilisation-fascinante-du-moyen-age-29072289.html\">https:\/\/www.rts.ch\/info\/societe\/2025\/article\/les-vikings-mythes-et-realites-d-une-civilisation-fascinante-du-moyen-age-29072289.html<\/a><\/p>\n\n\n\n<h2 class=\"wp-block-heading\">Ann\u00e9e 914<\/h2>\n\n\n\n<p>Premi\u00e8re guerre mondiale<\/p>\n\n\n\n<h2 class=\"wp-block-heading\">Ann\u00e9e 945<\/h2>\n\n\n\n<p>Deuxi\u00e8me guerre mondiale<\/p>\n\n\n\n<h2 class=\"wp-block-heading\">Ann\u00e9e 969<\/h2>\n\n\n\n<p>Premiers pas de l&rsquo;homme sur la lune<\/p>\n\n\n\n<h2 class=\"wp-block-heading\">Ann\u00e9e 1000<\/h2>\n\n\n\n<p>D\u00e9veloppement mondial d&rsquo;Internet<\/p>\n\n\n\n<h2 class=\"wp-block-heading\">Ann\u00e9e 1020<\/h2>\n\n\n\n<p>D\u00e9but de l&rsquo;exploitation de l&rsquo;Intelligence Artificielle<\/p>\n","protected":false},"excerpt":{"rendered":"<p>Ann\u00e9e -287 Naissance d&rsquo;Archim\u00e8de Ann\u00e9e -44 D\u00e9but du r\u00e8gne de Jules C\u00e9sar Ann\u00e9e 0 Naissance de J\u00e9sus Christ \u00e0 Bethl\u00e9em Ann\u00e9e 54 D\u00e9but du r\u00e8gne de N\u00e9ron Ann\u00e9e 79 \u00c9ruption du V\u00e9suve \u00e0 Pomp\u00e9i Ann\u00e9e 105 Ann\u00e9e 108 D\u00e9but du r\u00e8gne de Louis 6 le Gros Ann\u00e9e 120 ** Hypoth\u00e8se ** R\u00e8gne de Charlemagne. Est [&hellip;]<\/p>\n","protected":false},"author":1,"featured_media":0,"parent":0,"menu_order":0,"comment_status":"closed","ping_status":"closed","template":"","meta":{"footnotes":""},"class_list":["post-1499","page","type-page","status-publish","hentry"],"_links":{"self":[{"href":"https:\/\/www.tokotidi.net\/index.php?rest_route=\/wp\/v2\/pages\/1499","targetHints":{"allow":["GET"]}}],"collection":[{"href":"https:\/\/www.tokotidi.net\/index.php?rest_route=\/wp\/v2\/pages"}],"about":[{"href":"https:\/\/www.tokotidi.net\/index.php?rest_route=\/wp\/v2\/types\/page"}],"author":[{"embeddable":true,"href":"https:\/\/www.tokotidi.net\/index.php?rest_route=\/wp\/v2\/users\/1"}],"replies":[{"embeddable":true,"href":"https:\/\/www.tokotidi.net\/index.php?rest_route=%2Fwp%2Fv2%2Fcomments&post=1499"}],"version-history":[{"count":77,"href":"https:\/\/www.tokotidi.net\/index.php?rest_route=\/wp\/v2\/pages\/1499\/revisions"}],"predecessor-version":[{"id":1601,"href":"https:\/\/www.tokotidi.net\/index.php?rest_route=\/wp\/v2\/pages\/1499\/revisions\/1601"}],"wp:attachment":[{"href":"https:\/\/www.tokotidi.net\/index.php?rest_route=%2Fwp%2Fv2%2Fmedia&parent=1499"}],"curies":[{"name":"wp","href":"https:\/\/api.w.org\/{rel}","templated":true}]}}