{"id":1450,"date":"2025-09-04T12:22:24","date_gmt":"2025-09-04T10:22:24","guid":{"rendered":"https:\/\/www.tokotidi.net\/?page_id=1450"},"modified":"2025-09-04T18:19:12","modified_gmt":"2025-09-04T16:19:12","slug":"credit-credulite","status":"publish","type":"page","link":"https:\/\/www.tokotidi.net\/?page_id=1450","title":{"rendered":"Cr\u00e9dit = Cr\u00e9dulit\u00e9"},"content":{"rendered":"\n<h2 class=\"wp-block-heading\">En Suisse<\/h2>\n\n\n\n<p>La dette nette de la Conf\u00e9d\u00e9ration Helv\u00e9tique fin 2024 \u00e9tait de 141 milliards de francs, qui repr\u00e9sentait 17,2 % du PIB. Source : <a href=\"https:\/\/www.efd.admin.ch\/fr\/dette-de-la-confederation\">https:\/\/www.efd.admin.ch\/fr\/dette-de-la-confederation<\/a><\/p>\n\n\n\n<p>Pourtant la Suisse n&rsquo;a pas:<\/p>\n\n\n\n<ul class=\"wp-block-list\">\n<li>De p\u00e9trole, <\/li>\n\n\n\n<li>De charbon, <\/li>\n\n\n\n<li>De lithium, <\/li>\n\n\n\n<li>De gaz,<\/li>\n\n\n\n<li>De mines d&rsquo;or ni de diamants, <\/li>\n\n\n\n<li>etc&#8230;<\/li>\n<\/ul>\n\n\n\n<p>En 2022, <strong>le salaire M\u00e9dian en Suisse<\/strong> \u00e9tait de 6.788 CHF, soit <strong>7.096 Euros nets par mois<\/strong>. Source : <a href=\"https:\/\/karpeo.ch\/salaires-en-suisse\/\">https:\/\/karpeo.ch\/salaires-en-suisse\/<\/a><\/p>\n\n\n\n<h2 class=\"wp-block-heading\">En France<\/h2>\n\n\n\n<p> la dette nette publique fin 2024 \u00e9tait de <a href=\"https:\/\/www.budget.gouv.fr\/panorama-finances-publiques\" id=\"\" target=\"_blank\" rel=\"noreferrer noopener\">3 305,3 milliards d\u2019euros<\/a>, soit 113.2 % du PIB en 2024. Source : <a href=\"https:\/\/www.economie.gouv.fr\/decryptage-5-minutes-pour-comprendre-la-dette-publique\">https:\/\/www.economie.gouv.fr\/decryptage-5-minutes-pour-comprendre-la-dette-publique<\/a><\/p>\n\n\n\n<p><strong>Le salaire m\u00e9dian en France<\/strong> correspond \u00e0 <strong>2.183 Euros net par mois<\/strong> en 2023 (chiffre le plus r\u00e9cent).<\/p>\n\n\n\n<h2 class=\"wp-block-heading\"><strong>La diff\u00e9rence ? <\/strong><\/h2>\n\n\n\n<p>La Suisse est un pays o\u00f9 l&rsquo;on d\u00e9pense selon ses moyens, et o\u00f9 on est \u00e9conome. Ce qui permet d&rsquo;attirer la confiance, d&rsquo;attirer les capitaux, et de pr\u00eater de l&rsquo;argent en <strong>gagnant<\/strong> des int\u00e9r\u00eats.<\/p>\n\n\n\n<p>La Suisse est un pays o\u00f9 l&rsquo;on d\u00e9pense \u00ab\u00a0selon ses moyens, et o\u00f9 on est \u00e9conome\u00a0\u00bbun pognon de dingues, quoi qu&rsquo;il en co\u00fbte. Ce qui attire la d\u00e9fiance, fait fuir les capitaux, et oblige \u00e0 emprunter toujours plus d&rsquo;argent en <strong>payant<\/strong> des int\u00e9r\u00eats.<\/p>\n\n\n\n<h2 class=\"wp-block-heading\">La solution ? <\/h2>\n\n\n\n<p>Les Fran\u00e7ais (Etat, Collectivit\u00e9s locales, entreprises, perticuliers) sont des grands enfants, qui veulent tout de suite leurs jouets de no\u00ebl. ( Teslas, Iphones, vacances au bout du monde, retraite \u00e0 60 ans&#8230;)<\/p>\n\n\n\n<p>Ils faut donc les emp\u00eacher de se surendetter. Pour cela, il faut que le pr\u00eateur perde sa mise s&rsquo;il a pr\u00eat\u00e9 \u00e0 quelqu&rsquo;un d&rsquo;insolvable. C&rsquo;est juste une loi \u00e0 faire passer.<\/p>\n","protected":false},"excerpt":{"rendered":"<p>En Suisse La dette nette de la Conf\u00e9d\u00e9ration Helv\u00e9tique fin 2024 \u00e9tait de 141 milliards de francs, qui repr\u00e9sentait 17,2 % du PIB. Source : https:\/\/www.efd.admin.ch\/fr\/dette-de-la-confederation Pourtant la Suisse n&rsquo;a pas: En 2022, le salaire M\u00e9dian en Suisse \u00e9tait de 6.788 CHF, soit 7.096 Euros nets par mois. Source : https:\/\/karpeo.ch\/salaires-en-suisse\/ En France la dette [&hellip;]<\/p>\n","protected":false},"author":1,"featured_media":0,"parent":0,"menu_order":0,"comment_status":"closed","ping_status":"closed","template":"","meta":{"footnotes":""},"class_list":["post-1450","page","type-page","status-publish","hentry"],"_links":{"self":[{"href":"https:\/\/www.tokotidi.net\/index.php?rest_route=\/wp\/v2\/pages\/1450","targetHints":{"allow":["GET"]}}],"collection":[{"href":"https:\/\/www.tokotidi.net\/index.php?rest_route=\/wp\/v2\/pages"}],"about":[{"href":"https:\/\/www.tokotidi.net\/index.php?rest_route=\/wp\/v2\/types\/page"}],"author":[{"embeddable":true,"href":"https:\/\/www.tokotidi.net\/index.php?rest_route=\/wp\/v2\/users\/1"}],"replies":[{"embeddable":true,"href":"https:\/\/www.tokotidi.net\/index.php?rest_route=%2Fwp%2Fv2%2Fcomments&post=1450"}],"version-history":[{"count":7,"href":"https:\/\/www.tokotidi.net\/index.php?rest_route=\/wp\/v2\/pages\/1450\/revisions"}],"predecessor-version":[{"id":1458,"href":"https:\/\/www.tokotidi.net\/index.php?rest_route=\/wp\/v2\/pages\/1450\/revisions\/1458"}],"wp:attachment":[{"href":"https:\/\/www.tokotidi.net\/index.php?rest_route=%2Fwp%2Fv2%2Fmedia&parent=1450"}],"curies":[{"name":"wp","href":"https:\/\/api.w.org\/{rel}","templated":true}]}}