{"id":1318,"date":"2022-11-23T13:52:32","date_gmt":"2022-11-23T12:52:32","guid":{"rendered":"https:\/\/www.tokotidi.net\/?page_id=1318"},"modified":"2022-11-23T14:32:26","modified_gmt":"2022-11-23T13:32:26","slug":"recuperation-deau","status":"publish","type":"page","link":"https:\/\/www.tokotidi.net\/?page_id=1318","title":{"rendered":"R\u00e9cup\u00e9ration d&rsquo;eau de pluie"},"content":{"rendered":"\n<figure class=\"wp-block-image size-full is-resized\"><img loading=\"lazy\" decoding=\"async\" src=\"https:\/\/www.tokotidi.net\/wp-content\/uploads\/2022\/11\/2022-11-23-13_54_25-Embout-femelle-cannele-polyamide-Filetage_-20-x-27-O-tuyau-mm_-20-\u2014-Mozilla-.png\" alt=\"\" class=\"wp-image-1321\" width=\"302\" height=\"214\" srcset=\"https:\/\/www.tokotidi.net\/wp-content\/uploads\/2022\/11\/2022-11-23-13_54_25-Embout-femelle-cannele-polyamide-Filetage_-20-x-27-O-tuyau-mm_-20-\u2014-Mozilla-.png 802w, https:\/\/www.tokotidi.net\/wp-content\/uploads\/2022\/11\/2022-11-23-13_54_25-Embout-femelle-cannele-polyamide-Filetage_-20-x-27-O-tuyau-mm_-20-\u2014-Mozilla--300x212.png 300w, https:\/\/www.tokotidi.net\/wp-content\/uploads\/2022\/11\/2022-11-23-13_54_25-Embout-femelle-cannele-polyamide-Filetage_-20-x-27-O-tuyau-mm_-20-\u2014-Mozilla--768x543.png 768w, https:\/\/www.tokotidi.net\/wp-content\/uploads\/2022\/11\/2022-11-23-13_54_25-Embout-femelle-cannele-polyamide-Filetage_-20-x-27-O-tuyau-mm_-20-\u2014-Mozilla--732x518.png 732w\" sizes=\"auto, (max-width: 302px) 100vw, 302px\" \/><\/figure>\n\n\n\n<p><a href=\"https:\/\/www.manomano.fr\/recherche\/3160142151866\">https:\/\/www.manomano.fr\/recherche\/3160142151866<\/a><\/p>\n\n\n\n<figure class=\"wp-block-image size-full is-resized\"><img loading=\"lazy\" decoding=\"async\" src=\"https:\/\/www.tokotidi.net\/wp-content\/uploads\/2022\/11\/2022-11-23-13_56_18-Traversee-de-cuve-Filetage-femelle_-15-x-21-Filetage-male_-20-x-27-\u2014-Mozilla.png\" alt=\"\" class=\"wp-image-1322\" width=\"308\" height=\"252\" srcset=\"https:\/\/www.tokotidi.net\/wp-content\/uploads\/2022\/11\/2022-11-23-13_56_18-Traversee-de-cuve-Filetage-femelle_-15-x-21-Filetage-male_-20-x-27-\u2014-Mozilla.png 704w, https:\/\/www.tokotidi.net\/wp-content\/uploads\/2022\/11\/2022-11-23-13_56_18-Traversee-de-cuve-Filetage-femelle_-15-x-21-Filetage-male_-20-x-27-\u2014-Mozilla-300x246.png 300w\" sizes=\"auto, (max-width: 308px) 100vw, 308px\" \/><\/figure>\n\n\n\n<p><a href=\"https:\/\/www.manomano.fr\/p\/traversee-de-cuve-en-laiton-male-20-femelle-15-544688\">https:\/\/www.manomano.fr\/p\/traversee-de-cuve-en-laiton-male-20-femelle-15-544688<\/a><\/p>\n\n\n\n<figure class=\"wp-block-image size-large\"><img loading=\"lazy\" decoding=\"async\" width=\"1024\" height=\"369\" src=\"https:\/\/www.tokotidi.net\/wp-content\/uploads\/2022\/11\/2022-11-23-13_58_49-Poteau-en-bois-Blooma-vert-7-x-7-x-h.180-cm-_-Castorama-\u2014-Mozilla-Firefox-1024x369.png\" alt=\"\" class=\"wp-image-1325\" srcset=\"https:\/\/www.tokotidi.net\/wp-content\/uploads\/2022\/11\/2022-11-23-13_58_49-Poteau-en-bois-Blooma-vert-7-x-7-x-h.180-cm-_-Castorama-\u2014-Mozilla-Firefox-1024x369.png 1024w, https:\/\/www.tokotidi.net\/wp-content\/uploads\/2022\/11\/2022-11-23-13_58_49-Poteau-en-bois-Blooma-vert-7-x-7-x-h.180-cm-_-Castorama-\u2014-Mozilla-Firefox-300x108.png 300w, https:\/\/www.tokotidi.net\/wp-content\/uploads\/2022\/11\/2022-11-23-13_58_49-Poteau-en-bois-Blooma-vert-7-x-7-x-h.180-cm-_-Castorama-\u2014-Mozilla-Firefox-768x277.png 768w, https:\/\/www.tokotidi.net\/wp-content\/uploads\/2022\/11\/2022-11-23-13_58_49-Poteau-en-bois-Blooma-vert-7-x-7-x-h.180-cm-_-Castorama-\u2014-Mozilla-Firefox-732x264.png 732w, https:\/\/www.tokotidi.net\/wp-content\/uploads\/2022\/11\/2022-11-23-13_58_49-Poteau-en-bois-Blooma-vert-7-x-7-x-h.180-cm-_-Castorama-\u2014-Mozilla-Firefox.png 1120w\" sizes=\"auto, (max-width: 1024px) 100vw, 1024px\" \/><\/figure>\n\n\n\n<p><a href=\"https:\/\/www.castorama.fr\/poteau-en-bois-blooma-vert-7-x-7-x-h-180-cm\/3663602433200_CAFR.prd?storeId=1511&amp;gclid=CjwKCAiApvebBhAvEiwAe7mHSCbH8r-hnenMZJdQfoEKZq-J_4VU3OaaANgZPH1KCvqKfCTeXDeklBoCPigQAvD_BwE&amp;gclsrc=aw.ds\">https:\/\/www.castorama.fr\/poteau-en-bois-blooma-vert-7-x-7-x-h-180-cm\/3663602433200_CAFR.prd?storeId=1511&amp;gclid=CjwKCAiApvebBhAvEiwAe7mHSCbH8r-hnenMZJdQfoEKZq-J_4VU3OaaANgZPH1KCvqKfCTeXDeklBoCPigQAvD_BwE&amp;gclsrc=aw.ds<\/a><\/p>\n\n\n\n<p>Des plaques en plexiglass sur mesure :<\/p>\n\n\n\n<figure class=\"wp-block-embed is-type-wp-embed is-provider-plaqueplastique-fr wp-block-embed-plaqueplastique-fr\"><div class=\"wp-block-embed__wrapper\">\n<blockquote class=\"wp-embedded-content\" data-secret=\"bh2IRliPUh\"><a href=\"https:\/\/plaqueplastique.fr\/\">Home<\/a><\/blockquote><iframe loading=\"lazy\" class=\"wp-embedded-content\" sandbox=\"allow-scripts\" security=\"restricted\" style=\"position: absolute; clip: rect(1px, 1px, 1px, 1px);\" title=\"\u00ab\u00a0Home\u00a0\u00bb &#8212; Plaqueplastique.fr\" src=\"https:\/\/plaqueplastique.fr\/embed\/#?secret=KIR3o4Q3Bf#?secret=bh2IRliPUh\" data-secret=\"bh2IRliPUh\" width=\"600\" height=\"338\" frameborder=\"0\" marginwidth=\"0\" marginheight=\"0\" scrolling=\"no\"><\/iframe>\n<\/div><\/figure>\n\n\n\n<figure class=\"wp-block-image size-large\"><img loading=\"lazy\" decoding=\"async\" width=\"1024\" height=\"540\" src=\"http:\/\/www.tokotidi.net\/wp-content\/uploads\/2022\/11\/2022-11-23-14_09_16-Panier-_-Plaqueplastique.fr-\u2014-Mozilla-Firefox-1024x540.png\" alt=\"\" class=\"wp-image-1327\" srcset=\"https:\/\/www.tokotidi.net\/wp-content\/uploads\/2022\/11\/2022-11-23-14_09_16-Panier-_-Plaqueplastique.fr-\u2014-Mozilla-Firefox-1024x540.png 1024w, https:\/\/www.tokotidi.net\/wp-content\/uploads\/2022\/11\/2022-11-23-14_09_16-Panier-_-Plaqueplastique.fr-\u2014-Mozilla-Firefox-300x158.png 300w, https:\/\/www.tokotidi.net\/wp-content\/uploads\/2022\/11\/2022-11-23-14_09_16-Panier-_-Plaqueplastique.fr-\u2014-Mozilla-Firefox-768x405.png 768w, https:\/\/www.tokotidi.net\/wp-content\/uploads\/2022\/11\/2022-11-23-14_09_16-Panier-_-Plaqueplastique.fr-\u2014-Mozilla-Firefox-732x386.png 732w, https:\/\/www.tokotidi.net\/wp-content\/uploads\/2022\/11\/2022-11-23-14_09_16-Panier-_-Plaqueplastique.fr-\u2014-Mozilla-Firefox-1140x601.png 1140w, https:\/\/www.tokotidi.net\/wp-content\/uploads\/2022\/11\/2022-11-23-14_09_16-Panier-_-Plaqueplastique.fr-\u2014-Mozilla-Firefox.png 1159w\" sizes=\"auto, (max-width: 1024px) 100vw, 1024px\" \/><\/figure>\n\n\n\n<p>Le collecteur d&rsquo;eau \u00e0 fixer sur la descente de goutti\u00e8re<\/p>\n\n\n\n<figure class=\"wp-block-image size-large\"><img loading=\"lazy\" decoding=\"async\" width=\"1024\" height=\"735\" src=\"https:\/\/www.tokotidi.net\/wp-content\/uploads\/2022\/11\/Document_2022-11-23_142050-2-1024x735.jpg\" alt=\"\" class=\"wp-image-1336\" srcset=\"https:\/\/www.tokotidi.net\/wp-content\/uploads\/2022\/11\/Document_2022-11-23_142050-2-1024x735.jpg 1024w, https:\/\/www.tokotidi.net\/wp-content\/uploads\/2022\/11\/Document_2022-11-23_142050-2-300x215.jpg 300w, https:\/\/www.tokotidi.net\/wp-content\/uploads\/2022\/11\/Document_2022-11-23_142050-2-768x551.jpg 768w, https:\/\/www.tokotidi.net\/wp-content\/uploads\/2022\/11\/Document_2022-11-23_142050-2-1536x1102.jpg 1536w, https:\/\/www.tokotidi.net\/wp-content\/uploads\/2022\/11\/Document_2022-11-23_142050-2-2048x1470.jpg 2048w, https:\/\/www.tokotidi.net\/wp-content\/uploads\/2022\/11\/Document_2022-11-23_142050-2-732x525.jpg 732w, https:\/\/www.tokotidi.net\/wp-content\/uploads\/2022\/11\/Document_2022-11-23_142050-2-1140x818.jpg 1140w\" sizes=\"auto, (max-width: 1024px) 100vw, 1024px\" \/><\/figure>\n\n\n\n<h2 class=\"wp-block-heading\">Joint de chasse d&rsquo;eau + vis <\/h2>\n\n\n\n<figure class=\"wp-block-image size-full\"><img loading=\"lazy\" decoding=\"async\" width=\"805\" height=\"573\" src=\"https:\/\/www.tokotidi.net\/wp-content\/uploads\/2022\/11\/2022-11-23-14_30_41-Ensemble-de-fixation-de-la-cuvette-au-reservoir-de-WC-blanc-chrome-\u2014-Mozilla-F.png\" alt=\"\" class=\"wp-image-1339\" srcset=\"https:\/\/www.tokotidi.net\/wp-content\/uploads\/2022\/11\/2022-11-23-14_30_41-Ensemble-de-fixation-de-la-cuvette-au-reservoir-de-WC-blanc-chrome-\u2014-Mozilla-F.png 805w, https:\/\/www.tokotidi.net\/wp-content\/uploads\/2022\/11\/2022-11-23-14_30_41-Ensemble-de-fixation-de-la-cuvette-au-reservoir-de-WC-blanc-chrome-\u2014-Mozilla-F-300x214.png 300w, https:\/\/www.tokotidi.net\/wp-content\/uploads\/2022\/11\/2022-11-23-14_30_41-Ensemble-de-fixation-de-la-cuvette-au-reservoir-de-WC-blanc-chrome-\u2014-Mozilla-F-768x547.png 768w, https:\/\/www.tokotidi.net\/wp-content\/uploads\/2022\/11\/2022-11-23-14_30_41-Ensemble-de-fixation-de-la-cuvette-au-reservoir-de-WC-blanc-chrome-\u2014-Mozilla-F-732x521.png 732w\" sizes=\"auto, (max-width: 805px) 100vw, 805px\" \/><\/figure>\n\n\n\n<p><a href=\"https:\/\/www.manomano.fr\/p\/ensemble-de-fixation-de-la-cuvette-au-reservoir-de-wc-19820213\">https:\/\/www.manomano.fr\/p\/ensemble-de-fixation-de-la-cuvette-au-reservoir-de-wc-19820213<\/a><\/p>\n\n\n\n<p>Le joint en mousse fait un diam\u00e8tre int\u00e9rieur de 70mm, ext\u00e9rieur de 110mm, \u00e9paisseur 15mm<\/p>\n","protected":false},"excerpt":{"rendered":"<p>https:\/\/www.manomano.fr\/recherche\/3160142151866 https:\/\/www.manomano.fr\/p\/traversee-de-cuve-en-laiton-male-20-femelle-15-544688 https:\/\/www.castorama.fr\/poteau-en-bois-blooma-vert-7-x-7-x-h-180-cm\/3663602433200_CAFR.prd?storeId=1511&amp;gclid=CjwKCAiApvebBhAvEiwAe7mHSCbH8r-hnenMZJdQfoEKZq-J_4VU3OaaANgZPH1KCvqKfCTeXDeklBoCPigQAvD_BwE&amp;gclsrc=aw.ds Des plaques en plexiglass sur mesure : Le collecteur d&rsquo;eau \u00e0 fixer sur la descente de goutti\u00e8re Joint de chasse d&rsquo;eau + vis https:\/\/www.manomano.fr\/p\/ensemble-de-fixation-de-la-cuvette-au-reservoir-de-wc-19820213 Le joint en mousse fait un diam\u00e8tre int\u00e9rieur de 70mm, ext\u00e9rieur de 110mm, \u00e9paisseur 15mm<\/p>\n","protected":false},"author":1,"featured_media":0,"parent":0,"menu_order":0,"comment_status":"closed","ping_status":"closed","template":"","meta":{"footnotes":""},"class_list":["post-1318","page","type-page","status-publish","hentry"],"_links":{"self":[{"href":"https:\/\/www.tokotidi.net\/index.php?rest_route=\/wp\/v2\/pages\/1318","targetHints":{"allow":["GET"]}}],"collection":[{"href":"https:\/\/www.tokotidi.net\/index.php?rest_route=\/wp\/v2\/pages"}],"about":[{"href":"https:\/\/www.tokotidi.net\/index.php?rest_route=\/wp\/v2\/types\/page"}],"author":[{"embeddable":true,"href":"https:\/\/www.tokotidi.net\/index.php?rest_route=\/wp\/v2\/users\/1"}],"replies":[{"embeddable":true,"href":"https:\/\/www.tokotidi.net\/index.php?rest_route=%2Fwp%2Fv2%2Fcomments&post=1318"}],"version-history":[{"count":10,"href":"https:\/\/www.tokotidi.net\/index.php?rest_route=\/wp\/v2\/pages\/1318\/revisions"}],"predecessor-version":[{"id":1340,"href":"https:\/\/www.tokotidi.net\/index.php?rest_route=\/wp\/v2\/pages\/1318\/revisions\/1340"}],"wp:attachment":[{"href":"https:\/\/www.tokotidi.net\/index.php?rest_route=%2Fwp%2Fv2%2Fmedia&parent=1318"}],"curies":[{"name":"wp","href":"https:\/\/api.w.org\/{rel}","templated":true}]}}