{"id":1277,"date":"2022-02-28T17:22:43","date_gmt":"2022-02-28T16:22:43","guid":{"rendered":"http:\/\/www.tokotidi.net\/?page_id=1277"},"modified":"2022-02-28T18:04:53","modified_gmt":"2022-02-28T17:04:53","slug":"monsieur-poutine-votre-addition-augmente","status":"publish","type":"page","link":"https:\/\/www.tokotidi.net\/?page_id=1277","title":{"rendered":"Monsieur Poutine, votre addition augmente&#8230;"},"content":{"rendered":"\n<p>Alors : Fortune estim\u00e9 de Monsieur Vladimir POUTINE : 230 Milliards de dollars.<\/p>\n\n\n\n<p>A payer : <\/p>\n\n\n\n<figure class=\"wp-block-table\"><table><tbody><tr><td>D\u00e9signation<\/td><td>Prix unitaire Moyen<\/td><td>Quantit\u00e9<\/td><td>Total <\/td><td>D\u00e9lai<\/td><\/tr><tr><td>14 a\u00e9roports Ukrainiens endommag\u00e9s<\/td><td>1 000 000<\/td><td>14<\/td><td>14 000 000<\/td><td>30\/06\/2022<\/td><\/tr><tr><td>807 autres installations en Ukraine<\/td><td>1 000 000<\/td><td>807<\/td><td>807 000 000<\/td><td>30\/06\/2022<\/td><\/tr><tr><td>Mat\u00e9riel militaire Russe abim\u00e9s (chars, h\u00e9licopt\u00e8res, camions) <\/td><td>100 000<\/td><td>300<\/td><td>300 000 000<\/td><td>30\/06\/2022<\/td><\/tr><tr><td>B\u00e2timents Ukrainien endommag\u00e9s et infrastructures (immeubles, ponts, routes)<\/td><td>300 000<\/td><td>200<\/td><td>600 000 000<\/td><td>30\/06\/2022<\/td><\/tr><tr><td>Indemnisation des soldats Russes bless\u00e9s et handicap\u00e9s <\/td><td>100 000<\/td><td>3000<\/td><td>300 000 000<\/td><td>30\/06\/2022<\/td><\/tr><tr><td>Indemnisation des Ukrainiens bless\u00e9s et handicap\u00e9s <\/td><td>100 000<\/td><td>1000<\/td><td>100 000 000<\/td><td>30\/06\/2022<\/td><\/tr><tr><td>Remboursement de l&rsquo;argent d\u00e9tourn\u00e9, vol\u00e9 aux citoyens Russes<\/td><td>230 000 000 000<\/td><td>1<\/td><td>230 000 000 000<\/td><td>30\/06\/2022<\/td><\/tr><tr><td>Remboursement des d\u00e9penses occasionn\u00e9es aux autres pays <\/td><td>500 000 000<\/td><td>10<\/td><td>5 000 000 000<\/td><td>30\/06\/2022<\/td><\/tr><tr><td>Manque \u00e0 gagner (heures de travail perdues en Ukraine, en Russie et dans les autres pays)<\/td><td>10 000 000 <\/td><td>20<\/td><td>200 000 000<\/td><td>30\/06\/2022<\/td><\/tr><\/tbody><\/table><\/figure>\n\n\n\n<h2 class=\"wp-block-heading\">Vous r\u00e9glez comment ? Carte bancaire ou virements ? <\/h2>\n\n\n\n<p>Ou bien vous allez juste attaquer mon site Web ?<\/p>\n\n\n\n<h2 class=\"wp-block-heading\">Qu&rsquo;est-ce qui a d\u00e9raill\u00e9 dans votre vie ? <\/h2>\n\n\n\n<figure class=\"wp-block-image size-large\"><img loading=\"lazy\" decoding=\"async\" width=\"1024\" height=\"898\" src=\"http:\/\/www.tokotidi.net\/wp-content\/uploads\/2022\/02\/thumbnail-1024x898.jpeg\" alt=\"\" class=\"wp-image-1291\" srcset=\"https:\/\/www.tokotidi.net\/wp-content\/uploads\/2022\/02\/thumbnail-1024x898.jpeg 1024w, https:\/\/www.tokotidi.net\/wp-content\/uploads\/2022\/02\/thumbnail-300x263.jpeg 300w, https:\/\/www.tokotidi.net\/wp-content\/uploads\/2022\/02\/thumbnail-768x673.jpeg 768w, https:\/\/www.tokotidi.net\/wp-content\/uploads\/2022\/02\/thumbnail-732x642.jpeg 732w, https:\/\/www.tokotidi.net\/wp-content\/uploads\/2022\/02\/thumbnail.jpeg 1120w\" sizes=\"auto, (max-width: 1024px) 100vw, 1024px\" \/><\/figure>\n","protected":false},"excerpt":{"rendered":"<p>Alors : Fortune estim\u00e9 de Monsieur Vladimir POUTINE : 230 Milliards de dollars. A payer : D\u00e9signation Prix unitaire Moyen Quantit\u00e9 Total D\u00e9lai 14 a\u00e9roports Ukrainiens endommag\u00e9s 1 000 000 14 14 000 000 30\/06\/2022 807 autres installations en Ukraine 1 000 000 807 807 000 000 30\/06\/2022 Mat\u00e9riel militaire Russe abim\u00e9s (chars, h\u00e9licopt\u00e8res, camions) [&hellip;]<\/p>\n","protected":false},"author":1,"featured_media":0,"parent":0,"menu_order":0,"comment_status":"closed","ping_status":"closed","template":"","meta":{"footnotes":""},"class_list":["post-1277","page","type-page","status-publish","hentry"],"_links":{"self":[{"href":"https:\/\/www.tokotidi.net\/index.php?rest_route=\/wp\/v2\/pages\/1277","targetHints":{"allow":["GET"]}}],"collection":[{"href":"https:\/\/www.tokotidi.net\/index.php?rest_route=\/wp\/v2\/pages"}],"about":[{"href":"https:\/\/www.tokotidi.net\/index.php?rest_route=\/wp\/v2\/types\/page"}],"author":[{"embeddable":true,"href":"https:\/\/www.tokotidi.net\/index.php?rest_route=\/wp\/v2\/users\/1"}],"replies":[{"embeddable":true,"href":"https:\/\/www.tokotidi.net\/index.php?rest_route=%2Fwp%2Fv2%2Fcomments&post=1277"}],"version-history":[{"count":6,"href":"https:\/\/www.tokotidi.net\/index.php?rest_route=\/wp\/v2\/pages\/1277\/revisions"}],"predecessor-version":[{"id":1293,"href":"https:\/\/www.tokotidi.net\/index.php?rest_route=\/wp\/v2\/pages\/1277\/revisions\/1293"}],"wp:attachment":[{"href":"https:\/\/www.tokotidi.net\/index.php?rest_route=%2Fwp%2Fv2%2Fmedia&parent=1277"}],"curies":[{"name":"wp","href":"https:\/\/api.w.org\/{rel}","templated":true}]}}